{"id":29112,"date":"2023-08-24T23:21:19","date_gmt":"2023-08-24T21:21:19","guid":{"rendered":"https:\/\/www.cab-limousines.ch\/berufliche-und-private-veranstaltungen\/"},"modified":"2023-08-25T23:48:47","modified_gmt":"2023-08-25T21:48:47","slug":"berufliche-und-private-veranstaltungen","status":"publish","type":"page","link":"https:\/\/www.cab-limousines.ch\/de\/berufliche-und-private-veranstaltungen\/","title":{"rendered":"Berufliche und private Veranstaltungen"},"content":{"rendered":"\n\n\t<section class=\"section dark\" id=\"section_1226158695\">\n\t\t<div class=\"section-bg fill\" >\n\t\t\t<img loading=\"lazy\" decoding=\"async\" width=\"1920\" height=\"1080\" src=\"https:\/\/www.cab-limousines.ch\/wp-content\/uploads\/2023\/08\/Sans-titre-2.png\" class=\"bg attachment- size-\" alt=\"\" \/>\t\t\t\t\t\t\n\t\t\t\n\n\t\t<\/div>\n\n\t\t\n\n\t\t<div class=\"section-content relative\">\n\t\t\t\n\n\n\t\t<\/div>\n\n\t\t\n<style>\n#section_1226158695 {\n  padding-top: 30px;\n  padding-bottom: 30px;\n  min-height: 200px;\n  background-color: rgb(40, 40, 40);\n}\n<\/style>\n\t<\/section>\n\t\n\n\t<section class=\"section\" id=\"section_1948088173\">\n\t\t<div class=\"section-bg fill\" >\n\t\t\t\t\t\t\t\t\t\n\t\t\t\n\n\t\t<\/div>\n\n\t\t\n\n\t\t<div class=\"section-content relative\">\n\t\t\t\n\n<div class=\"row\"  id=\"row-1098363140\">\n\n\n\t<div id=\"col-1377353769\" class=\"col small-12 large-12\"  >\n\t\t\t\t<div class=\"col-inner\"  >\n\t\t\t\n\t\t\t\n\n\t<div id=\"gap-1696615017\" class=\"gap-element clearfix\" style=\"display:block; height:auto;\">\n\t\t\n<style>\n#gap-1696615017 {\n  padding-top: 30px;\n}\n<\/style>\n\t<\/div>\n\t\n\n\t<div id=\"text-3891429074\" class=\"text\">\n\t\t\n\n<h1 style=\"text-align: center;\"><span style=\"color: #800000;\">Machen Sie Ihre Veranstaltungen zu einem Erfolg<\/span><\/h1>\n\t\t\n<style>\n#text-3891429074 {\n  text-align: center;\n}\n<\/style>\n\t<\/div>\n\t\n\n\t\t<\/div>\n\t\t\t\t\t<\/div>\n\n\t\n\n<\/div>\n\n\t\t<\/div>\n\n\t\t\n<style>\n#section_1948088173 {\n  padding-top: 0px;\n  padding-bottom: 0px;\n  min-height: 111px;\n  background-color: rgb(255,255,255);\n}\n<\/style>\n\t<\/section>\n\t\n\n\t<section class=\"section\" id=\"section_1265711568\">\n\t\t<div class=\"section-bg fill\" >\n\t\t\t\t\t\t\t\t\t\n\t\t\t\n\n\t\t<\/div>\n\n\t\t\n\n\t\t<div class=\"section-content relative\">\n\t\t\t\n\n<div class=\"row\"  id=\"row-395924339\">\n\n\n\t<div id=\"col-157798400\" class=\"col medium-6 small-12 large-6\"  >\n\t\t\t\t<div class=\"col-inner\"  >\n\t\t\t\n\t\t\t\n\n<blockquote>\n<h2><span style=\"font-size: 75%;\">CAB Limousines ist der ideale Partner f\u00fcr die Organisation Ihrer Seminare, Firmenbesuche oder Feierlichkeiten.<\/span><\/h2>\n<\/blockquote>\n<h2><span style=\"font-size: 110%; color: #282828;\">Organisieren Sie Ihre Firmenbesuche in aller Ruhe<\/span><\/h2>\n<p>Wir alle wissen, dass der erste Eindruck oft der bleibende ist, vor allem in der professionellen Gesch\u00e4ftswelt.<br>Delegieren Sie die Anreise Ihrer nationalen oder internationalen G\u00e4ste an uns, damit Sie sich auf das Programm und den Ablauf des Besuchs Ihres Unternehmens konzentrieren k\u00f6nnen.<br>Von dem Moment an, in dem sie abgeholt werden, werden der noble Empfang unserer Chauffeure und das Prestige unserer Limousinen den Unterschied ausmachen.<\/p>\n<p>\u00dcberlassen Sie uns den Weg Ihrer Besucher vom Flughafen oder ihrem B\u00fcro zu Ihrer Fabrik, Ihrem Betrieb oder Ihrem kleinen oder mittelst\u00e4ndischen Unternehmen, damit wir Ihre Bereitschaft und Ihre Energie f\u00fcr den Empfang reservieren k\u00f6nnen.<\/p>\n\n\t\t<\/div>\n\t\t\t\t\t<\/div>\n\n\t\n\n\t<div id=\"col-1088714640\" class=\"col medium-6 small-12 large-6\"  >\n\t\t\t\t<div class=\"col-inner\"  >\n\t\t\t\n\t\t\t\n\n<h2><span style=\"font-size: 110%; color: #282828;\">Stellen Sie sich vor, wie Sie in einer Limousine zur Feier ankommen &#8230;<\/span><\/h2>\n<p>Nein, Sie tr\u00e4umen nicht&nbsp;! Sie k\u00f6nnen am gro\u00dfen Tag der Held und die Heldin Ihres eigenen Films sein. CAB Limousines freut sich immer sehr, Hochzeiten, Taufen oder Bar-Mitzwas zu feiern, indem sie die G\u00e4ste, das Brautpaar und die T\u00e4uflinge zur Zeremonie mitnimmt.<\/p>\n<p>Unsere Limousinen sind Fahrzeuge mit hohem Standard, die wir mit Leidenschaft und Sorgfalt pflegen. Die gro\u00dfz\u00fcgig gestaltete Lederausstattung ist in Bezug auf Ergonomie, Funktionalit\u00e4t und Design beispielhaft.<\/p>\n<p>Unsere professionellen und erfahrenen Fahrer werden Sie begleiten und sich im richtigen Moment zur\u00fccknehmen.<\/p>\n\n\t\t<\/div>\n\t\t\t\t\t<\/div>\n\n\t\n\n<\/div>\n\n\t\t<\/div>\n\n\t\t\n<style>\n#section_1265711568 {\n  padding-top: 30px;\n  padding-bottom: 30px;\n  background-color: rgb(248, 246, 242);\n}\n<\/style>\n\t<\/section>\n\t\n\n\t<section class=\"section\" id=\"section_1030847467\">\n\t\t<div class=\"section-bg fill\" >\n\t\t\t\t\t\t\t\t\t\n\t\t\t\n\n\t\t<\/div>\n\n\t\t\n\n\t\t<div class=\"section-content relative\">\n\t\t\t\n\n<div class=\"row\"  id=\"row-1957915098\">\n\n\n\t<div id=\"col-1725244430\" class=\"col medium-6 small-12 large-6\"  >\n\t\t\t\t<div class=\"col-inner\"  >\n\t\t\t\n\t\t\t\n\n<h2><span style=\"font-size: 110%; color: #282828;\">Roadshows, Firmenseminare oder internationale Konferenzen&nbsp;<\/span><\/h2>\n<p>Ein Firmenseminar mit Mitarbeitern, Mitarbeiterinnen und Referenten, die teilweise aus der ganzen Welt kommen, zu organisieren und dabei reibungslos zu funktionieren, ist eine Meisterleistung&nbsp;!<br>Mit unserem Team von Limousinenfahrern und unserem Netzwerk von Partnern bieten wir Ihnen die M\u00f6glichkeit, die Teilnehmer Ihrer Konferenz oder Ihres Seminars \u00fcber kurze oder lange Strecken zu bef\u00f6rdern.<br>Ihre Veranstaltung umfasst Pers\u00f6nlichkeiten aus der Welt der Diplomatie, Politik und internationale Redner&nbsp;? Kein Problem. Die Fahrerinnen und Fahrer von CAB Limousines sind mehrsprachig und darin geschult, sie diskret und vertraulich zu empfangen.<\/p>\n\n\t\t<\/div>\n\t\t\t\t\t<\/div>\n\n\t\n\n\t<div id=\"col-1511121507\" class=\"col medium-6 small-12 large-6\"  >\n\t\t\t\t<div class=\"col-inner\" style=\"background-color:rgba(153, 153, 153, 0.291);\" >\n\t\t\t\n\t\t\t\n\n<p><span style=\"color: #800000;\"><strong>Premium-Service<\/strong><\/span><br>Wir stellen Ihnen eine Flasche Wasser, ein Erfrischungstuch, WLAN und Fernsehbildschirme in allen unseren Fahrzeugen zur Verf\u00fcgung.<\/p>\n<p><span style=\"color: #800000;\"><strong>Internationaler Dienst<\/strong><\/span><br>Empfangsdame am Flughafen, bei Bedarf Dolmetscher, wir sind Profis f\u00fcr den internationalen Empfang.<\/p>\n<p><span style=\"color: #800000;\"><strong>Gro\u00dfvolumiger Service<\/strong><\/span><br>Unsere Gro\u00dfraumfahrzeuge, die V-Klasse Vans oder die Sprinter Minibusse von Mercedes-Benz bieten Platz f\u00fcr bis zu 16 Passagiere und ihr Gep\u00e4ck.<\/p>\n<a href=\"https:\/\/www.cab-limousines.ch\/de\/unsere-flotte\/\" class=\"button primary is-link lowercase\"  >\n\t<i class=\"icon-checkmark\" aria-hidden=\"true\" ><\/i>\t<span>Entdecken Sie unsere Fahrzeugflotte<\/span>\n\t<\/a>\n\n\n<a href=\"https:\/\/www.cab-limousines.ch\/de\/angebot-anfordern\/\" class=\"button primary is-link lowercase\"  >\n\t<i class=\"icon-checkmark\" aria-hidden=\"true\" ><\/i>\t<span>Fragen Sie uns nach einem Angebot<\/span>\n\t<\/a>\n\n\n\n\t\t<\/div>\n\t\t\t\t\n<style>\n#col-1511121507 > .col-inner {\n  padding: 20px 20px 20px 20px;\n}\n<\/style>\n\t<\/div>\n\n\t\n\n<\/div>\n\n\t\t<\/div>\n\n\t\t\n<style>\n#section_1030847467 {\n  padding-top: 30px;\n  padding-bottom: 30px;\n}\n<\/style>\n\t<\/section>\n\t\n","protected":false},"excerpt":{"rendered":"","protected":false},"author":1,"featured_media":0,"parent":0,"menu_order":0,"comment_status":"closed","ping_status":"closed","template":"page-blank.php","meta":{"footnotes":""},"class_list":["post-29112","page","type-page","status-publish","hentry"],"_links":{"self":[{"href":"https:\/\/www.cab-limousines.ch\/de\/wp-json\/wp\/v2\/pages\/29112","targetHints":{"allow":["GET"]}}],"collection":[{"href":"https:\/\/www.cab-limousines.ch\/de\/wp-json\/wp\/v2\/pages"}],"about":[{"href":"https:\/\/www.cab-limousines.ch\/de\/wp-json\/wp\/v2\/types\/page"}],"author":[{"embeddable":true,"href":"https:\/\/www.cab-limousines.ch\/de\/wp-json\/wp\/v2\/users\/1"}],"replies":[{"embeddable":true,"href":"https:\/\/www.cab-limousines.ch\/de\/wp-json\/wp\/v2\/comments?post=29112"}],"version-history":[{"count":2,"href":"https:\/\/www.cab-limousines.ch\/de\/wp-json\/wp\/v2\/pages\/29112\/revisions"}],"predecessor-version":[{"id":29276,"href":"https:\/\/www.cab-limousines.ch\/de\/wp-json\/wp\/v2\/pages\/29112\/revisions\/29276"}],"wp:attachment":[{"href":"https:\/\/www.cab-limousines.ch\/de\/wp-json\/wp\/v2\/media?parent=29112"}],"curies":[{"name":"wp","href":"https:\/\/api.w.org\/{rel}","templated":true}]}}