{"id":29178,"date":"2023-08-24T23:26:51","date_gmt":"2023-08-24T21:26:51","guid":{"rendered":"https:\/\/www.cab-limousines.ch\/unsere-dienstleistungen\/"},"modified":"2023-08-25T23:51:02","modified_gmt":"2023-08-25T21:51:02","slug":"unsere-dienstleistungen","status":"publish","type":"page","link":"https:\/\/www.cab-limousines.ch\/de\/unsere-dienstleistungen\/","title":{"rendered":"Unsere Dienstleistungen"},"content":{"rendered":"\n\n\t<section class=\"section dark\" id=\"section_110156048\">\n\t\t<div class=\"section-bg fill\" >\n\t\t\t<img loading=\"lazy\" decoding=\"async\" width=\"2560\" height=\"1440\" src=\"https:\/\/www.cab-limousines.ch\/wp-content\/uploads\/2023\/08\/Mercedes-Benz-Classe-S-2018-28.jpg\" class=\"bg attachment- size-\" alt=\"\" \/>\t\t\t\t\t\t\n\t\t\t\n\n\t\t<\/div>\n\n\t\t\n\n\t\t<div class=\"section-content relative\">\n\t\t\t\n\n\n\t\t<\/div>\n\n\t\t\n<style>\n#section_110156048 {\n  padding-top: 30px;\n  padding-bottom: 30px;\n  min-height: 200px;\n  background-color: rgb(40, 40, 40);\n}\n<\/style>\n\t<\/section>\n\t\n\n\t<section class=\"section\" id=\"section_1508787833\">\n\t\t<div class=\"section-bg fill\" >\n\t\t\t\t\t\t\t\t\t\n\t\t\t\n\n\t\t<\/div>\n\n\t\t\n\n\t\t<div class=\"section-content relative\">\n\t\t\t\n\n<div class=\"row\"  id=\"row-1424501470\">\n\n\n\t<div id=\"col-1096052221\" class=\"col small-12 large-12\"  >\n\t\t\t\t<div class=\"col-inner\"  >\n\t\t\t\n\t\t\t\n\n\t<div id=\"gap-2133478473\" class=\"gap-element clearfix\" style=\"display:block; height:auto;\">\n\t\t\n<style>\n#gap-2133478473 {\n  padding-top: 30px;\n}\n<\/style>\n\t<\/div>\n\t\n\n<h1 style=\"text-align: center;\"><span style=\"color: #800000;\">Vertrauen Sie uns Ihre Reisen an und lassen Sie sich &#8230;<\/span><\/h1>\n\n\t\t<\/div>\n\t\t\t\t\t<\/div>\n\n\t\n\n<\/div>\n\n\t\t<\/div>\n\n\t\t\n<style>\n#section_1508787833 {\n  padding-top: 0px;\n  padding-bottom: 0px;\n  min-height: 111px;\n  background-color: rgb(255,255,255);\n}\n<\/style>\n\t<\/section>\n\t\n\n\t<section class=\"section\" id=\"section_406176569\">\n\t\t<div class=\"section-bg fill\" >\n\t\t\t\t\t\t\t\t\t\n\t\t\t\n\n\t\t<\/div>\n\n\t\t\n\n\t\t<div class=\"section-content relative\">\n\t\t\t\n\n<div class=\"row align-middle\"  id=\"row-2143099376\">\n\n\n\t<div id=\"col-1965198651\" class=\"col medium-6 small-12 large-6\"  >\n\t\t\t\t<div class=\"col-inner\"  >\n\t\t\t\n\t\t\t\n\n<blockquote>\n<p>Ob Sie auf Gesch\u00e4ftsreise zwischen dem Flughafen Genf und Lausanne sind, ein Firmenseminar abhalten oder Ihre Hochzeitsfeier organisieren, CAB Limousines ist der ideale Partner, um Ihre Fahrten zu einer Quelle der Entspannung und des Vergn\u00fcgens zu machen, anstatt zu einer Einschr\u00e4nkung und einer Quelle des Stresses.<\/p>\n<\/blockquote>\n\n\t\t<\/div>\n\t\t\t\t\t<\/div>\n\n\t\n\n\t<div id=\"col-162338512\" class=\"col medium-6 small-12 large-6\"  >\n\t\t\t\t<div class=\"col-inner\"  >\n\t\t\t\n\t\t\t\n\n\t<div class=\"img has-hover x md-x lg-x y md-y lg-y\" id=\"image_631670052\">\n\t\t\t\t\t\t\t\t<div class=\"img-inner dark\" >\n\t\t\t\t\t\t\t\t\t\n\t\t\t\t\t<\/div>\n\t\t\t\t\t\t\t\t\n<style>\n#image_631670052 {\n  width: 100%;\n}\n<\/style>\n\t<\/div>\n\t\n\n\n\t\t<\/div>\n\t\t\t\t\n<style>\n#col-162338512 > .col-inner {\n  padding: 40p 0px 0px 0px;\n}\n<\/style>\n\t<\/div>\n\n\t\n\n<\/div>\n\n\t\t<\/div>\n\n\t\t\n<style>\n#section_406176569 {\n  padding-top: 30px;\n  padding-bottom: 30px;\n  background-color: rgb(248, 246, 242);\n}\n<\/style>\n\t<\/section>\n\t\n\n\t<section class=\"section\" id=\"section_1870555680\">\n\t\t<div class=\"section-bg fill\" >\n\t\t\t\t\t\t\t\t\t\n\t\t\t\n\n\t\t<\/div>\n\n\t\t\n\n\t\t<div class=\"section-content relative\">\n\t\t\t\n\n<div class=\"row align-middle\"  id=\"row-501289712\">\n\n\n\t<div id=\"col-363227315\" class=\"col medium-4 small-12 large-4\"  >\n\t\t\t\t<div class=\"col-inner\"  >\n\t\t\t\n\t\t\t\n\n\n\t\t<div class=\"icon-box featured-box icon-box-center text-center\"  >\n\t\t\t\t\t<div class=\"icon-box-img\" style=\"width: 91px\">\n\t\t\t\t<div class=\"icon\">\n\t\t\t\t\t<div class=\"icon-inner\" style=\"color:rgb(124, 104, 83);\">\n\t\t\t\t\t\t\t\t\t\t\t<\/div>\n\t\t\t\t<\/div>\n\t\t\t<\/div>\n\t\t\t\t<div class=\"icon-box-text last-reset\">\n\t\t\t\t\t\t\t\t\t\n\n<p style=\"text-align: center;\">Sie m\u00f6chten bei Ihrer Ankunft am Flughafen abgeholt werden und stressfrei reisen&nbsp;?<\/p>\n\n\t\t<\/div>\n\t<\/div>\n\t\n\t\n\n\t\t<\/div>\n\t\t\t\t\t<\/div>\n\n\t\n\n\t<div id=\"col-1902508641\" class=\"col medium-8 small-12 large-8\"  >\n\t\t\t\t<div class=\"col-inner\"  >\n\t\t\t\n\t\t\t\n\n<p>Nichts ist stressiger als Flugversp\u00e4tungen aufgrund von schlechtem Wetter, versp\u00e4teten Anschlussfl\u00fcgen oder einem \u00fcberf\u00fcllten Terminkalender.<br>Bei Ihren Flughafentransfers macht Ihnen CAB Limousines das Leben leichter und holt Sie ab, sobald Sie aus dem Flugzeug steigen. Sie profitieren von unserem Premium-Service&nbsp;: Unsere Fahrer warten in der ersten Stunde kostenlos auf Sie (bei l\u00e4ngeren Fahrten), wir stellen Ihnen auf Wunsch eine Empfangsdame zur Verf\u00fcgung und sind sogar in der Lage, Ihnen bei Bedarf einen Dolmetscher zu vermitteln.<\/p>\n<a href=\"https:\/\/www.cab-limousines.ch\/de\/flughafentransfers\/\" class=\"button primary is-link lowercase\"  >\n\t<i class=\"icon-checkmark\" aria-hidden=\"true\" ><\/i>\t<span>Entdecken Sie unseren exklusiven Flughafentransferservice<\/span>\n\t<\/a>\n\n\n\n\t\t<\/div>\n\t\t\t\t\t<\/div>\n\n\t\n\n<\/div>\n<div class=\"row align-middle\"  id=\"row-100256000\">\n\n\n\t<div id=\"col-1921588193\" class=\"col medium-4 small-12 large-4\"  >\n\t\t\t\t<div class=\"col-inner\"  >\n\t\t\t\n\t\t\t\n\n\n\t\t<div class=\"icon-box featured-box icon-box-center text-center\"  >\n\t\t\t\t\t<div class=\"icon-box-img\" style=\"width: 83px\">\n\t\t\t\t<div class=\"icon\">\n\t\t\t\t\t<div class=\"icon-inner\" style=\"color:rgb(124, 104, 83);\">\n\t\t\t\t\t\t\t\t\t\t\t<\/div>\n\t\t\t\t<\/div>\n\t\t\t<\/div>\n\t\t\t\t<div class=\"icon-box-text last-reset\">\n\t\t\t\t\t\t\t\t\t\n\n<p>Sie m\u00f6chten Ihr Firmenseminar in aller Ruhe organisieren&nbsp;?<\/p>\n\n\t\t<\/div>\n\t<\/div>\n\t\n\t\n\n\t\t<\/div>\n\t\t\t\t\t<\/div>\n\n\t\n\n\t<div id=\"col-1011279693\" class=\"col medium-8 small-12 large-8\"  >\n\t\t\t\t<div class=\"col-inner\"  >\n\t\t\t\n\t\t\t\n\n<p>\u00dcberlassen Sie uns die Anreise Ihrer Mitarbeiter und Referenten, damit Sie sich auf die Organisation Ihrer Veranstaltung konzentrieren k\u00f6nnen.<br>CAB Limousines wird Ihr Seminar zu einem Erfolg machen, indem wir die logistische Organisation der Fahrten Ihrer Teams \u00fcbernehmen und ihnen absoluten Komfort bieten, selbst wenn Ihre Teams \u00fcberall in der Schweiz angesiedelt sind und Genf &#8211; die internationale Stadt &#8211; Ihr Treffpunkt ist.<br>Wir richten uns nach Ihrer Organisation und setzen unsere Fahrzeugflotte &#8211; Limousinen oder&nbsp; Gro\u00dfraumlimousinen &#8211; an den Orten ein, an denen Sie abgeholt und abgesetzt werden.<br>Unsere professionellen und erfahrenen Fahrerinnen und Fahrer bieten Ihnen einen qualitativ hochwertigen Service&nbsp;: Komfort, Verf\u00fcgbarkeit und Sicherheit. Mit unserem Stand-by-Service* warten wir bei Flugversp\u00e4tungen auf Ihre Referenten (*kostenlos in der ersten Stunde).<\/p>\n<a href=\"https:\/\/www.cab-limousines.ch\/de\/berufliche-und-private-veranstaltungen\/\" class=\"button primary is-link lowercase\"  >\n\t<i class=\"icon-checkmark\" aria-hidden=\"true\" ><\/i>\t<span>Organisieren wir gemeinsam Ihre beruflichen und privaten Veranstaltungen<\/span>\n\t<\/a>\n\n\n\n\t\t<\/div>\n\t\t\t\t\t<\/div>\n\n\t\n\n<\/div>\n<div class=\"row align-middle\"  id=\"row-1746080197\">\n\n\n\t<div id=\"col-700602645\" class=\"col medium-4 small-12 large-4\"  >\n\t\t\t\t<div class=\"col-inner\"  >\n\t\t\t\n\t\t\t\n\n\n\t\t<div class=\"icon-box featured-box icon-box-center text-center\"  >\n\t\t\t\t\t<div class=\"icon-box-img\" style=\"width: 91px\">\n\t\t\t\t<div class=\"icon\">\n\t\t\t\t\t<div class=\"icon-inner\" style=\"color:rgb(124, 104, 83);\">\n\t\t\t\t\t\t\t\t\t\t\t<\/div>\n\t\t\t\t<\/div>\n\t\t\t<\/div>\n\t\t\t\t<div class=\"icon-box-text last-reset\">\n\t\t\t\t\t\t\t\t\t\n\n<p>Soll Ihre Hochzeit der sch\u00f6nste Tag Ihres Lebens werden&nbsp;?<\/p>\n\n\t\t<\/div>\n\t<\/div>\n\t\n\t\n\n\t\t<\/div>\n\t\t\t\t\t<\/div>\n\n\t\n\n\t<div id=\"col-231673838\" class=\"col medium-8 small-12 large-8\"  >\n\t\t\t\t<div class=\"col-inner\"  >\n\t\t\t\n\t\t\t\n\n<p>Lassen Sie sich von uns tr\u00e4umen, dass Sie zu einer f\u00fcrstlichen Hochzeit, Ihrer Hochzeit, kommen. CAB Limousines f\u00e4hrt Sie von Ihrem Wohnort zu Ihrer Hochzeitsfeier, zum Standesamt oder zur Kirche und dann zum Ort der Feierlichkeiten, damit Sie an diesem Tag Ihres Tages die VIPs sind. Ihre Ankunft in einer unserer Limousinen, begleitet von Ihrem pers\u00f6nlichen Chauffeur und 5-Sterne-Komfort wird ihre volle Wirkung entfalten.<\/p>\n<a href=\"https:\/\/www.cab-limousines.ch\/de\/berufliche-und-private-veranstaltungen\/\" class=\"button primary is-link lowercase\"  >\n\t<i class=\"icon-checkmark\" aria-hidden=\"true\" ><\/i>\t<span>Organisieren wir gemeinsam Ihre beruflichen und privaten Veranstaltungen<\/span>\n\t<\/a>\n\n\n\n\t\t<\/div>\n\t\t\t\t\t<\/div>\n\n\t\n\n<\/div>\n<div class=\"row align-middle\"  id=\"row-1097796472\">\n\n\n\t<div id=\"col-377012069\" class=\"col medium-4 small-12 large-4\"  >\n\t\t\t\t<div class=\"col-inner\"  >\n\t\t\t\n\t\t\t\n\n\n\t\t<div class=\"icon-box featured-box icon-box-center text-center\"  >\n\t\t\t\t\t<div class=\"icon-box-img\" style=\"width: 113px\">\n\t\t\t\t<div class=\"icon\">\n\t\t\t\t\t<div class=\"icon-inner\" style=\"color:rgb(124, 104, 83);\">\n\t\t\t\t\t\t\t\t\t\t\t<\/div>\n\t\t\t\t<\/div>\n\t\t\t<\/div>\n\t\t\t\t<div class=\"icon-box-text last-reset\">\n\t\t\t\t\t\t\t\t\t\n\n<p>M\u00f6chten Sie reisen und Ihre Termine vorbereiten, ohne sich um die Fahrten k\u00fcmmern zu m\u00fcssen?<\/p>\n\n\t\t<\/div>\n\t<\/div>\n\t\n\t\n\n\t\t<\/div>\n\t\t\t\t\t<\/div>\n\n\t\n\n\t<div id=\"col-210860000\" class=\"col medium-8 small-12 large-8\"  >\n\t\t\t\t<div class=\"col-inner\"  >\n\t\t\t\n\t\t\t\n\n<p>Rhythmisieren Sie Ihre Gesch\u00e4ftstage nach der Qualit\u00e4t Ihrer Termine und nicht nach der Komplexit\u00e4t der Fahrten.<br>CAB Limousines wird Sie in einer seiner komfortablen Limousinen abholen und Ihnen alle unsere Premium-Dienstleistungen anbieten&nbsp;: Wasserflasche, WLAN-Anschluss, Steckdosen zum Aufladen Ihrer Computer oder Mobiltelefone, TV-Bildschirme und Wirtschaftspresse f\u00fcr st\u00e4ndige Aktualit\u00e4t &#8230;<br>So k\u00f6nnen Sie Ihre Gesch\u00e4fte in aller Ruhe verfolgen.<\/p>\n<a href=\"https:\/\/www.cab-limousines.ch\/de\/limousinenservice\/\" class=\"button primary is-link lowercase\"  >\n\t<i class=\"icon-checkmark\" aria-hidden=\"true\" ><\/i>\t<span>Entdecken Sie unseren Limousinen-Chauffeur-Service<\/span>\n\t<\/a>\n\n\n\n\t\t<\/div>\n\t\t\t\t\t<\/div>\n\n\t\n\n<\/div>\n\n\t\t<\/div>\n\n\t\t\n<style>\n#section_1870555680 {\n  padding-top: 30px;\n  padding-bottom: 30px;\n  background-color: rgb(248, 246, 242);\n}\n<\/style>\n\t<\/section>\n\t\n","protected":false},"excerpt":{"rendered":"","protected":false},"author":1,"featured_media":0,"parent":0,"menu_order":0,"comment_status":"closed","ping_status":"closed","template":"page-blank.php","meta":{"footnotes":""},"class_list":["post-29178","page","type-page","status-publish","hentry"],"_links":{"self":[{"href":"https:\/\/www.cab-limousines.ch\/de\/wp-json\/wp\/v2\/pages\/29178","targetHints":{"allow":["GET"]}}],"collection":[{"href":"https:\/\/www.cab-limousines.ch\/de\/wp-json\/wp\/v2\/pages"}],"about":[{"href":"https:\/\/www.cab-limousines.ch\/de\/wp-json\/wp\/v2\/types\/page"}],"author":[{"embeddable":true,"href":"https:\/\/www.cab-limousines.ch\/de\/wp-json\/wp\/v2\/users\/1"}],"replies":[{"embeddable":true,"href":"https:\/\/www.cab-limousines.ch\/de\/wp-json\/wp\/v2\/comments?post=29178"}],"version-history":[{"count":5,"href":"https:\/\/www.cab-limousines.ch\/de\/wp-json\/wp\/v2\/pages\/29178\/revisions"}],"predecessor-version":[{"id":29286,"href":"https:\/\/www.cab-limousines.ch\/de\/wp-json\/wp\/v2\/pages\/29178\/revisions\/29286"}],"wp:attachment":[{"href":"https:\/\/www.cab-limousines.ch\/de\/wp-json\/wp\/v2\/media?parent=29178"}],"curies":[{"name":"wp","href":"https:\/\/api.w.org\/{rel}","templated":true}]}}