{"id":29179,"date":"2023-08-25T10:33:34","date_gmt":"2023-08-25T08:33:34","guid":{"rendered":"https:\/\/www.cab-limousines.ch\/flughafentransfers\/"},"modified":"2023-09-19T18:47:32","modified_gmt":"2023-09-19T16:47:32","slug":"flughafentransfers","status":"publish","type":"page","link":"https:\/\/www.cab-limousines.ch\/de\/flughafentransfers\/","title":{"rendered":"Flughafentransfers"},"content":{"rendered":"\n\n\t<section class=\"section dark\" id=\"section_2108271789\">\n\t\t<div class=\"section-bg fill\" >\n\t\t\t<img loading=\"lazy\" decoding=\"async\" width=\"1920\" height=\"1080\" src=\"https:\/\/www.cab-limousines.ch\/wp-content\/uploads\/2023\/08\/Sans-titre.png\" class=\"bg attachment- size-\" alt=\"\" \/>\t\t\t\t\t\t\n\t\t\t\n\n\t\t<\/div>\n\n\t\t\n\n\t\t<div class=\"section-content relative\">\n\t\t\t\n\n\n\t\t<\/div>\n\n\t\t\n<style>\n#section_2108271789 {\n  padding-top: 30px;\n  padding-bottom: 30px;\n  min-height: 200px;\n  background-color: rgb(40, 40, 40);\n}\n#section_2108271789 .section-bg img {\n  object-position: 4% 63%;\n}\n<\/style>\n\t<\/section>\n\t\n\n\t<section class=\"section\" id=\"section_849250408\">\n\t\t<div class=\"section-bg fill\" >\n\t\t\t\t\t\t\t\t\t\n\t\t\t\n\n\t\t<\/div>\n\n\t\t\n\n\t\t<div class=\"section-content relative\">\n\t\t\t\n\n<div class=\"row\"  id=\"row-356248060\">\n\n\n\t<div id=\"col-1109422901\" class=\"col small-12 large-12\"  >\n\t\t\t\t<div class=\"col-inner\"  >\n\t\t\t\n\t\t\t\n\n\t<div id=\"gap-1809122903\" class=\"gap-element clearfix\" style=\"display:block; height:auto;\">\n\t\t\n<style>\n#gap-1809122903 {\n  padding-top: 30px;\n}\n<\/style>\n\t<\/div>\n\t\n\n\t<div id=\"text-122334727\" class=\"text\">\n\t\t\n\n<h1><span style=\"color: #800000;\">Oubliez le stress des transferts d\u2019a\u00e9roport \u2026<\/span><\/h1>\n\t\t\n<style>\n#text-122334727 {\n  text-align: center;\n}\n<\/style>\n\t<\/div>\n\t\n\n\t\t<\/div>\n\t\t\t\t\t<\/div>\n\n\t\n\n<\/div>\n\n\t\t<\/div>\n\n\t\t\n<style>\n#section_849250408 {\n  padding-top: 0px;\n  padding-bottom: 0px;\n  min-height: 111px;\n  background-color: rgb(255,255,255);\n}\n<\/style>\n\t<\/section>\n\t\n\n\t<section class=\"section\" id=\"section_351149103\">\n\t\t<div class=\"section-bg fill\" >\n\t\t\t\t\t\t\t\t\t\n\t\t\t\n\n\t\t<\/div>\n\n\t\t\n\n\t\t<div class=\"section-content relative\">\n\t\t\t\n\n<div class=\"row\"  id=\"row-2000961981\">\n\n\n\t<div id=\"col-797893607\" class=\"col medium-6 small-12 large-6\"  >\n\t\t\t\t<div class=\"col-inner\"  >\n\t\t\t\n\t\t\t\n\n<blockquote>\n<h2><span style=\"font-size: 75%;\">CAB Limousines assure tous vos transferts d\u2019a\u00e9roports depuis et vers les a\u00e9roports de Gen\u00e8ve et de Z\u00fcrich.<\/span><\/h2>\n<\/blockquote>\n<h2><span style=\"font-size: 110%; color: #282828;\">Descendez de l\u2019avion, asseyez-vous et d\u00e9tendez-vous.<\/span><\/h2>\n<p>CAB Limousines se charge de tous vos transferts d\u2019a\u00e9roports vers \u2013 ou depuis \u2013 l\u2019a\u00e9roport, vers votre h\u00f4tel, vos rendez-vous en ville, votre destination de vacances et la station de ski&nbsp;de votre choix&nbsp;: Gstaad. Saint-Moritz, Verbier, Meg\u00e8ve ou Courchevel \u2026<\/p>\n<p>Vous pouvez rejoindre l\u2019a\u00e9roport, de Gen\u00e8ve ou de Z\u00fcrich, en toute s\u00e9r\u00e9nit\u00e9 et dans les temps, en ayant profit\u00e9 du confort de nos limousines. Vous pouvez \u00e9galement b\u00e9n\u00e9ficier de notre service exclusif de stand-by&nbsp;: nous vous attendons dans le hall des arriv\u00e9es apr\u00e8s votre vol, et ce, gratuitement m\u00eame en cas de retard de votre vol. Vous pourrez r\u00e9cup\u00e9rer vos bagages sans stress.<\/p>\n\n\t\t<\/div>\n\t\t\t\t\t<\/div>\n\n\t\n\n\t<div id=\"col-1808609760\" class=\"col medium-6 small-12 large-6\"  >\n\t\t\t\t<div class=\"col-inner\"  >\n\t\t\t\n\t\t\t\n\n<h2><span style=\"font-size: 110%; color: #282828;\">Essayez le confort et les grands espaces de nos limousines<\/span><\/h2>\n<p>Voyager en groupe ou en famille peut s\u2019av\u00e9rer devenir un v\u00e9ritable casse-t\u00eate et votre arriv\u00e9e, ou votre d\u00e9part, de l\u2019a\u00e9roport un cauchemar. Pas avec CAB Limousines.<\/p>\n<p>Les chauffeurs de CAB Limousines sont des sp\u00e9cialistes des transferts d\u2019a\u00e9roports, tant en termes d\u2019accueil sur place que pendant votre trajet. Pouvant recevoir jusqu\u2019\u00e0 16 passagers, ils mettront tout en place pour que tous vos bagages m\u00eame les plus volumineux soient charg\u00e9s, pour que vous puissiez vous d\u00e9salt\u00e9rer et d\u00e9couvrir ce si beau pays qu\u2019est la Suisse.<\/p>\n\t<div class=\"img has-hover x md-x lg-x y md-y lg-y\" id=\"image_463274692\">\n\t\t\t\t\t\t\t\t<div class=\"img-inner image-cover dark\" style=\"padding-top:56.25%;\">\n\t\t\t<img loading=\"lazy\" decoding=\"async\" width=\"1020\" height=\"556\" src=\"https:\/\/www.cab-limousines.ch\/wp-content\/uploads\/2023\/08\/Website-SprinterJet-V3-PC260814-1024x558.jpg\" class=\"attachment-large size-large\" alt=\"\" srcset=\"https:\/\/www.cab-limousines.ch\/wp-content\/uploads\/2023\/08\/Website-SprinterJet-V3-PC260814-1024x558.jpg 1024w, https:\/\/www.cab-limousines.ch\/wp-content\/uploads\/2023\/08\/Website-SprinterJet-V3-PC260814-300x164.jpg 300w, https:\/\/www.cab-limousines.ch\/wp-content\/uploads\/2023\/08\/Website-SprinterJet-V3-PC260814-768x419.jpg 768w, https:\/\/www.cab-limousines.ch\/wp-content\/uploads\/2023\/08\/Website-SprinterJet-V3-PC260814-1536x838.jpg 1536w, https:\/\/www.cab-limousines.ch\/wp-content\/uploads\/2023\/08\/Website-SprinterJet-V3-PC260814-170x93.jpg 170w, https:\/\/www.cab-limousines.ch\/wp-content\/uploads\/2023\/08\/Website-SprinterJet-V3-PC260814-110x60.jpg 110w, https:\/\/www.cab-limousines.ch\/wp-content\/uploads\/2023\/08\/Website-SprinterJet-V3-PC260814-600x327.jpg 600w, https:\/\/www.cab-limousines.ch\/wp-content\/uploads\/2023\/08\/Website-SprinterJet-V3-PC260814.jpg 2008w\" sizes=\"auto, (max-width: 1020px) 100vw, 1020px\" \/>\t\t\t\t\t\t\n\t\t\t\t\t<\/div>\n\t\t\t\t\t\t\t\t\n<style>\n#image_463274692 {\n  width: 100%;\n}\n<\/style>\n\t<\/div>\n\t\n\n<p>R\u00e9servez d\u00e8s maintenant votre&nbsp;transfert&nbsp;vers\/depuis l\u00b4a\u00e9roport<br>gr\u00e2ce au service de booking-on line de CAB Limousines.<\/p>\n\n\t\t<\/div>\n\t\t\t\t\t<\/div>\n\n\t\n\n<\/div>\n\n\t\t<\/div>\n\n\t\t\n<style>\n#section_351149103 {\n  padding-top: 30px;\n  padding-bottom: 30px;\n  background-color: rgb(248, 246, 242);\n}\n<\/style>\n\t<\/section>\n\t\n\n\t<section class=\"section\" id=\"section_676372699\">\n\t\t<div class=\"section-bg fill\" >\n\t\t\t\t\t\t\t\t\t\n\t\t\t\n\n\t\t<\/div>\n\n\t\t\n\n\t\t<div class=\"section-content relative\">\n\t\t\t\n\n<div class=\"row\"  id=\"row-1717267092\">\n\n\n\t<div id=\"col-1515024349\" class=\"col small-12 large-12\"  >\n\t\t\t\t<div class=\"col-inner\"  >\n\t\t\t\n\t\t\t\n\n\t<div id=\"text-2416134854\" class=\"text\">\n\t\t\n\n<h1><span style=\"color: #800000;\">Nous sommes particuli\u00e8rement vigilants et \u00e0 m\u00eame d\u2019accueillir les personnes m\u00eame avec de grand volume de bagages<\/span><\/h1>\n\t\t\n<style>\n#text-2416134854 {\n  text-align: center;\n}\n<\/style>\n\t<\/div>\n\t\n\n\t\t<\/div>\n\t\t\t\t\t<\/div>\n\n\t\n\n<\/div>\n<div class=\"row\"  id=\"row-1476814037\">\n\n\n\t<div id=\"col-1316364690\" class=\"col medium-6 small-12 large-6\"  >\n\t\t\t\t<div class=\"col-inner\"  >\n\t\t\t\n\t\t\t\n\n<p><span style=\"color: #800000;\"><strong>Service stand-by<\/strong><\/span><\/p>\n<p>Nous vous offrons la premi\u00e8re heure d\u2019attente pour les longues courses, y compris pour vos transferts a\u00e9roport (si votre avion a du retard par exemple).<\/p>\n\n\t\t<\/div>\n\t\t\t\t\t<\/div>\n\n\t\n\n\t<div id=\"col-1011560158\" class=\"col medium-6 small-12 large-6\"  >\n\t\t\t\t<div class=\"col-inner\"  >\n\t\t\t\n\t\t\t\n\n<p><span style=\"color: #800000;\"><strong>Service international<\/strong><\/span><\/p>\n<p>H\u00f4tesse d\u2019accueil \u00e0 l\u2019a\u00e9roport, interpr\u00e8te si besoin, nous sommes des professionnels de l\u2019accueil \u00e0 l\u2019international.<\/p>\n\n\t\t<\/div>\n\t\t\t\t\t<\/div>\n\n\t\n\n<\/div>\n<div class=\"row\"  id=\"row-2034459493\">\n\n\n\t<div id=\"col-1329301354\" class=\"col medium-6 small-12 large-6\"  >\n\t\t\t\t<div class=\"col-inner\"  >\n\t\t\t\n\t\t\t\n\n<p><span style=\"color: #800000;\"><strong>Service premium<\/strong><\/span><\/p>\n<p>Nous mettons \u00e0 votre disposition une bouteille d\u2019eau, une serviette rafraichissante, une connexion wifi et des \u00e9crans TV dans tous nos v\u00e9hicules.<\/p>\n\n\t\t<\/div>\n\t\t\t\t\t<\/div>\n\n\t\n\n\t<div id=\"col-793953177\" class=\"col medium-6 small-12 large-6\"  >\n\t\t\t\t<div class=\"col-inner\"  >\n\t\t\t\n\t\t\t\n\n<p><span style=\"color: #800000;\"><strong>Service grand volume<\/strong><\/span><\/p>\n<p>Nos v\u00e9hicules \u00e0 grande capacit\u00e9 d\u2019accueil, les vans Classe V ou les minibus Sprinter de Mercedes-Benz peuvent accueillir jusqu\u2019\u00e0 16 passagers et leurs bagages.<\/p>\n\n\t\t<\/div>\n\t\t\t\t\t<\/div>\n\n\t\n\n<\/div>\n\n\t\t<\/div>\n\n\t\t\n<style>\n#section_676372699 {\n  padding-top: 30px;\n  padding-bottom: 30px;\n}\n<\/style>\n\t<\/section>\n\t\n","protected":false},"excerpt":{"rendered":"","protected":false},"author":1,"featured_media":0,"parent":0,"menu_order":0,"comment_status":"closed","ping_status":"closed","template":"page-blank.php","meta":{"footnotes":""},"class_list":["post-29179","page","type-page","status-publish","hentry"],"_links":{"self":[{"href":"https:\/\/www.cab-limousines.ch\/de\/wp-json\/wp\/v2\/pages\/29179","targetHints":{"allow":["GET"]}}],"collection":[{"href":"https:\/\/www.cab-limousines.ch\/de\/wp-json\/wp\/v2\/pages"}],"about":[{"href":"https:\/\/www.cab-limousines.ch\/de\/wp-json\/wp\/v2\/types\/page"}],"author":[{"embeddable":true,"href":"https:\/\/www.cab-limousines.ch\/de\/wp-json\/wp\/v2\/users\/1"}],"replies":[{"embeddable":true,"href":"https:\/\/www.cab-limousines.ch\/de\/wp-json\/wp\/v2\/comments?post=29179"}],"version-history":[{"count":2,"href":"https:\/\/www.cab-limousines.ch\/de\/wp-json\/wp\/v2\/pages\/29179\/revisions"}],"predecessor-version":[{"id":29375,"href":"https:\/\/www.cab-limousines.ch\/de\/wp-json\/wp\/v2\/pages\/29179\/revisions\/29375"}],"wp:attachment":[{"href":"https:\/\/www.cab-limousines.ch\/de\/wp-json\/wp\/v2\/media?parent=29179"}],"curies":[{"name":"wp","href":"https:\/\/api.w.org\/{rel}","templated":true}]}}