{"id":29190,"date":"2023-08-25T10:32:25","date_gmt":"2023-08-25T08:32:25","guid":{"rendered":"https:\/\/www.cab-limousines.ch\/limousinenservice\/"},"modified":"2024-07-24T11:43:08","modified_gmt":"2024-07-24T09:43:08","slug":"limousinenservice","status":"publish","type":"page","link":"https:\/\/www.cab-limousines.ch\/de\/limousinenservice\/","title":{"rendered":"Limousinenservice"},"content":{"rendered":"\n\n\t<section class=\"section dark\" id=\"section_342750189\">\n\t\t<div class=\"section-bg fill\" >\n\t\t\t<img loading=\"lazy\" decoding=\"async\" width=\"1024\" height=\"640\" src=\"https:\/\/www.cab-limousines.ch\/wp-content\/uploads\/2023\/08\/126199_Mercedes-Benz_Classe_S_2014.jpg\" class=\"bg attachment- size-\" alt=\"\" \/>\t\t\t\t\t\t\n\t\t\t\n\n\t\t<\/div>\n\n\t\t\n\n\t\t<div class=\"section-content relative\">\n\t\t\t\n\n\n\t\t<\/div>\n\n\t\t\n<style>\n#section_342750189 {\n  padding-top: 30px;\n  padding-bottom: 30px;\n  min-height: 200px;\n  background-color: rgb(40, 40, 40);\n}\n<\/style>\n\t<\/section>\n\t\n\n\t<section class=\"section\" id=\"section_1127200240\">\n\t\t<div class=\"section-bg fill\" >\n\t\t\t\t\t\t\t\t\t\n\t\t\t\n\n\t\t<\/div>\n\n\t\t\n\n\t\t<div class=\"section-content relative\">\n\t\t\t\n\n<div class=\"row\"  id=\"row-111463770\">\n\n\n\t<div id=\"col-315957976\" class=\"col small-12 large-12\"  >\n\t\t\t\t<div class=\"col-inner\"  >\n\t\t\t\n\t\t\t\n\n\t<div id=\"gap-409167082\" class=\"gap-element clearfix\" style=\"display:block; height:auto;\">\n\t\t\n<style>\n#gap-409167082 {\n  padding-top: 30px;\n}\n<\/style>\n\t<\/div>\n\t\n\n\t<div id=\"text-2335417409\" class=\"text\">\n\t\t\n\n<h1><span style=\"color: #800000;\">Reisen Sie in einer Limousine mit Ihrem pers\u00f6nlichen Chauffeur &#8230;<\/span><\/h1>\n\t\t\n<style>\n#text-2335417409 {\n  text-align: center;\n}\n<\/style>\n\t<\/div>\n\t\n\n\t\t<\/div>\n\t\t\t\t\t<\/div>\n\n\t\n\n<\/div>\n\n\t\t<\/div>\n\n\t\t\n<style>\n#section_1127200240 {\n  padding-top: 0px;\n  padding-bottom: 0px;\n  min-height: 111px;\n  background-color: rgb(255,255,255);\n}\n<\/style>\n\t<\/section>\n\t\n\n\t<section class=\"section\" id=\"section_2107647337\">\n\t\t<div class=\"section-bg fill\" >\n\t\t\t\t\t\t\t\t\t\n\t\t\t\n\n\t\t<\/div>\n\n\t\t\n\n\t\t<div class=\"section-content relative\">\n\t\t\t\n\n<div class=\"row\"  id=\"row-540359538\">\n\n\n\t<div id=\"col-800729621\" class=\"col medium-6 small-12 large-6\"  >\n\t\t\t\t<div class=\"col-inner\"  >\n\t\t\t\n\t\t\t\n\n<blockquote>\n<h2><span style=\"font-size: 75%;\">CAB Limousines ist der ideale Gesch\u00e4ftspartner f\u00fcr Ihre Gesch\u00e4ftsreisen in die Schweiz.<\/span><\/h2>\n<\/blockquote>\n<h2><span style=\"font-size: 110%; color: #282828;\">Vom gehobenen bis zum au\u00dfergew\u00f6hnlichen Limousinenservice<\/span><\/h2>\n<p>Der Chauffeurservice von CAB Limousines zeichnet sich durch seine hervorragenden Leistungen und seine geografische Abdeckung aus. Sie m\u00fcssen zu Gesch\u00e4ftsterminen, f\u00fcr einfache Besorgungen oder f\u00fcr Hin- und R\u00fcckfahrten fahren, wir k\u00f6nnen alle Ihre Fahrten versichern und selbst die au\u00dfergew\u00f6hnlichsten W\u00fcnsche erf\u00fcllen.<\/p>\n<p>Wird Ihr Termin vorverlegt&nbsp;oder verschoben? Wir passen uns Ihrem Zeitplan an.<\/p>\n<p>Sind Sie zum ersten Mal in der Schweiz&nbsp;? CAB Limousines empfiehlt Ihnen die Route zu den sch\u00f6nsten Orten, Museen, Restaurants und gehobenen Hotels in der Genferseeregion.<\/p>\n<p>Sie reisen mit der Familie und m\u00f6chten von einem hochwertigen Fahrzeug mit gro\u00dfem Volumen profitieren&nbsp;? Wir haben die passenden Fahrzeuge f\u00fcr eine hohe Aufnahme- und Betreuungskapazit\u00e4t, auch f\u00fcr Menschen mit eingeschr\u00e4nkter Mobilit\u00e4t.<\/p>\n\n\t\t<\/div>\n\t\t\t\t\t<\/div>\n\n\t\n\n\t<div id=\"col-1083770108\" class=\"col medium-6 small-12 large-6\"  >\n\t\t\t\t<div class=\"col-inner\"  >\n\t\t\t\n\t\t\t\n\n<h2><span style=\"font-size: 110%; color: #282828;\">Alle Strecken von Genf nach Montreux<\/span><\/h2>\n<p>Vom internationalen Flughafen Genf bis zur Stadt des Montreux Jazz Festivals auf der anderen Seite des Genferseebogens bef\u00f6rdert Sie CAB Limousines f\u00fcr einfache oder lange Fahrten.<br>Wir sind seit mehr als 15 Jahren Profis f\u00fcr Ihre Fahrten und mit den besten Navigationsger\u00e4ten ausgestattet. Die Region ist f\u00fcr uns kein Geheimnis.<br>Wir wissen, wie wir die beste Route w\u00e4hlen, damit Sie Zeit sparen und Spa\u00df haben.<\/p>\n\t<div class=\"img has-hover x md-x lg-x y md-y lg-y\" id=\"image_1364782651\">\n\t\t\t\t\t\t\t\t<div class=\"img-inner dark\" >\n\t\t\t\t\t\t\t\t\t\n\t\t\t\t\t<\/div>\n\t\t\t\t\t\t\t\t\n<style>\n#image_1364782651 {\n  width: 100%;\n}\n<\/style>\n\t<\/div>\n\t\n\n<p><span style=\"color: #800000;\"><strong>Transparente Festpreise<\/strong><\/span><br>CAB Limousines garantiert Ihnen einen festen Tarif ohne zus\u00e4tzliche Kosten, der Steuern, Geb\u00fchren und Trinkgeld beinhaltet.<\/p>\n<p><span style=\"color: #800000;\"><strong>Versicherung und Sicherheit<\/strong><\/span><br>Alle unsere Fahrzeuge sind zugelassen und versichert, unsere Fahrer halten sich an alle Gesetze und Vorschriften.<\/p>\n<p><span style=\"color: #800000;\"><strong>Kostenlose Stornierung<\/strong><\/span><br>Sie k\u00f6nnen Ihre Buchung 24 Stunden vorher kostenlos stornieren.<\/p>\n<p><span style=\"color: #800000;\"><strong>VIP-Service<\/strong><\/span><br>Wasserflasche, Erfrischungstuch, Wifi-Verbindung, TV-Bildschirme in allen unseren Fahrzeugen.<\/p>\n\n\t\t<\/div>\n\t\t\t\t\t<\/div>\n\n\t\n\n<\/div>\n\n\t\t<\/div>\n\n\t\t\n<style>\n#section_2107647337 {\n  padding-top: 30px;\n  padding-bottom: 30px;\n  background-color: rgb(248, 246, 242);\n}\n<\/style>\n\t<\/section>\n\t\n","protected":false},"excerpt":{"rendered":"","protected":false},"author":1,"featured_media":0,"parent":0,"menu_order":0,"comment_status":"closed","ping_status":"closed","template":"page-blank.php","meta":{"footnotes":""},"class_list":["post-29190","page","type-page","status-publish","hentry"],"_links":{"self":[{"href":"https:\/\/www.cab-limousines.ch\/de\/wp-json\/wp\/v2\/pages\/29190","targetHints":{"allow":["GET"]}}],"collection":[{"href":"https:\/\/www.cab-limousines.ch\/de\/wp-json\/wp\/v2\/pages"}],"about":[{"href":"https:\/\/www.cab-limousines.ch\/de\/wp-json\/wp\/v2\/types\/page"}],"author":[{"embeddable":true,"href":"https:\/\/www.cab-limousines.ch\/de\/wp-json\/wp\/v2\/users\/1"}],"replies":[{"embeddable":true,"href":"https:\/\/www.cab-limousines.ch\/de\/wp-json\/wp\/v2\/comments?post=29190"}],"version-history":[{"count":3,"href":"https:\/\/www.cab-limousines.ch\/de\/wp-json\/wp\/v2\/pages\/29190\/revisions"}],"predecessor-version":[{"id":29442,"href":"https:\/\/www.cab-limousines.ch\/de\/wp-json\/wp\/v2\/pages\/29190\/revisions\/29442"}],"wp:attachment":[{"href":"https:\/\/www.cab-limousines.ch\/de\/wp-json\/wp\/v2\/media?parent=29190"}],"curies":[{"name":"wp","href":"https:\/\/api.w.org\/{rel}","templated":true}]}}